{"id":234,"date":"2026-02-09T04:03:34","date_gmt":"2026-02-09T04:03:34","guid":{"rendered":"https:\/\/gatodeyule.com\/?page_id=234"},"modified":"2026-02-09T04:11:35","modified_gmt":"2026-02-09T04:11:35","slug":"acerca-de-2","status":"publish","type":"page","link":"https:\/\/gatodeyule.com\/en\/acerca-de-2\/","title":{"rendered":"ACERCA DE"},"content":{"rendered":"<p><span style=\"font-weight: 400;\"><strong>GATO DE YULE<\/strong> es un blog dedicado a la moda y la alfombra roja, brindando una perspectiva \u00fanica sobre las tendencias actuales y los estilos que marcan la pauta en los eventos m\u00e1s glamorosos.<\/span><\/p>\n<p><span style=\"font-weight: 400;\">GATO DE YULE te ofrece una mirada exclusiva a las tendencias de moda m\u00e1s actuales y los estilos ic\u00f3nicos que marcan la alfombra roja, inspir\u00e1ndote a destacar con elegancia y personalidad. Celebremos juntos la moda y el glamour.<\/span><\/p>","protected":false},"excerpt":{"rendered":"<p>GATO DE YULE es un blog dedicado a la moda y la alfombra roja, brindando una perspectiva \u00fanica sobre las tendencias actuales y los estilos que marcan la pauta en los eventos m\u00e1s glamorosos. GATO DE YULE te ofrece una mirada exclusiva a las tendencias de moda m\u00e1s actuales y los estilos ic\u00f3nicos que marcan &hellip; <\/p>","protected":false},"author":1,"featured_media":0,"parent":0,"menu_order":0,"comment_status":"closed","ping_status":"closed","template":"","meta":{"_monsterinsights_skip_tracking":false,"_monsterinsights_sitenote_active":false,"_monsterinsights_sitenote_note":"","_monsterinsights_sitenote_category":0,"_uf_show_specific_survey":0,"_uf_disable_surveys":false,"footnotes":""},"class_list":["post-234","page","type-page","status-publish","hentry"],"aioseo_notices":[],"_links":{"self":[{"href":"https:\/\/gatodeyule.com\/en\/wp-json\/wp\/v2\/pages\/234","targetHints":{"allow":["GET"]}}],"collection":[{"href":"https:\/\/gatodeyule.com\/en\/wp-json\/wp\/v2\/pages"}],"about":[{"href":"https:\/\/gatodeyule.com\/en\/wp-json\/wp\/v2\/types\/page"}],"author":[{"embeddable":true,"href":"https:\/\/gatodeyule.com\/en\/wp-json\/wp\/v2\/users\/1"}],"replies":[{"embeddable":true,"href":"https:\/\/gatodeyule.com\/en\/wp-json\/wp\/v2\/comments?post=234"}],"version-history":[{"count":3,"href":"https:\/\/gatodeyule.com\/en\/wp-json\/wp\/v2\/pages\/234\/revisions"}],"predecessor-version":[{"id":242,"href":"https:\/\/gatodeyule.com\/en\/wp-json\/wp\/v2\/pages\/234\/revisions\/242"}],"wp:attachment":[{"href":"https:\/\/gatodeyule.com\/en\/wp-json\/wp\/v2\/media?parent=234"}],"curies":[{"name":"wp","href":"https:\/\/api.w.org\/{rel}","templated":true}]}}